{"id":640,"date":"2023-07-19T09:05:06","date_gmt":"2023-07-19T07:05:06","guid":{"rendered":"https:\/\/www.spanienshop.eu\/?page_id=640"},"modified":"2023-09-07T10:41:52","modified_gmt":"2023-09-07T08:41:52","slug":"politica-de-privacidad","status":"publish","type":"page","link":"https:\/\/www.spanienshop.eu\/es\/politica-de-privacidad\/","title":{"rendered":"Pol\u00edtica de privacidad"},"content":{"rendered":"\t\t<div data-elementor-type=\"wp-page\" data-elementor-id=\"640\" class=\"elementor elementor-640\" data-elementor-post-type=\"page\">\n\t\t\t\t\t\t\t\t\t<section class=\"elementor-section elementor-top-section elementor-element elementor-element-5b31a315 elementor-section-boxed elementor-section-height-default elementor-section-height-default\" data-id=\"5b31a315\" data-element_type=\"section\">\n\t\t\t\t\t\t<div class=\"elementor-container elementor-column-gap-default\">\n\t\t\t\t\t<div class=\"elementor-column elementor-col-100 elementor-top-column elementor-element elementor-element-26a9269e\" data-id=\"26a9269e\" data-element_type=\"column\">\n\t\t\t<div class=\"elementor-widget-wrap elementor-element-populated\">\n\t\t\t\t\t\t\t\t<div class=\"elementor-element elementor-element-7d9a2a2 elementor-widget elementor-widget-text-editor\" data-id=\"7d9a2a2\" data-element_type=\"widget\" data-widget_type=\"text-editor.default\">\n\t\t\t\t<div class=\"elementor-widget-container\">\n\t\t\t<style>\/*! elementor - v3.14.0 - 26-06-2023 *\/\n.elementor-widget-text-editor.elementor-drop-cap-view-stacked .elementor-drop-cap{background-color:#69727d;color:#fff}.elementor-widget-text-editor.elementor-drop-cap-view-framed .elementor-drop-cap{color:#69727d;border:3px solid;background-color:transparent}.elementor-widget-text-editor:not(.elementor-drop-cap-view-default) .elementor-drop-cap{margin-top:8px}.elementor-widget-text-editor:not(.elementor-drop-cap-view-default) .elementor-drop-cap-letter{width:1em;height:1em}.elementor-widget-text-editor .elementor-drop-cap{float:left;text-align:center;line-height:1;font-size:50px}.elementor-widget-text-editor .elementor-drop-cap-letter{display:inline-block}<\/style>\t\t\t\t<h1>POL\u00cdTICA DE PRIVACIDAD<\/h1>\t\t\t\t\t\t<\/div>\n\t\t\t\t<\/div>\n\t\t\t\t<div class=\"elementor-element elementor-element-6edf5c0a elementor-widget elementor-widget-text-editor\" data-id=\"6edf5c0a\" data-element_type=\"widget\" data-widget_type=\"text-editor.default\">\n\t\t\t\t<div class=\"elementor-widget-container\">\n\t\t\t\t\t\t\t<p><!-- wp:heading --><\/p><h3><strong>INTRODUCCI\u00d3N<\/strong><\/h3><p>Con la presente pol\u00edtica, procedemos a informarles de los datos que recopilamos de los usuarios, as\u00ed como la utilizaci\u00f3n y finalidad que realizamos con los mismos<\/p><p>En este sentido le informamos de que nunca solicitaremos m\u00e1s informaci\u00f3n de la que realmente necesitaremos para los servicios requeridos; dicha informaci\u00f3n no ser\u00e1 compartida con terceros, salvo obligaci\u00f3n legal o recabando previamente su autorizaci\u00f3n expresa. Asimismo, nunca utilizaremos los datos que pueda proporcionarnos para una finalidad distinta a la comunicada.<\/p><p>Es responsabilidad del usuario de la presente web leer y seguir atentamente con lo indicado en la presente pol\u00edtica de privacidad, tanto en el primer acceso que pueda realizar a la presente web como en aquellos caso que vuelva a introducir nuevos datos personales, ya que la presente informaci\u00f3n puede sufrir modificaciones debido al objetivo de cumplir con la normativa vigente as\u00ed como sus posibles actualizaciones, sin que tengamos la obligaci\u00f3n de preavisar o poner en conocimiento de los usuarios estas obligaciones, siendo suficientes la publicaci\u00f3n en el sitio web del prestador.<\/p><p>\u00a0<\/p><h3><strong>RESPONSABLE DEL TRATAMIENTO:<\/strong><\/h3><p>Denominaci\u00f3n o raz\u00f3n social: Monika Schumacher<\/p><p>NIF: ES1544947Z<\/p><p>Direcci\u00f3n postal: Pla\u00e7a Nova5, 12360 Xert (Castell\u00f3n) Espa\u00f1a<\/p><p>Correo electr\u00f3nico: info@delitapas.com<\/p><p>Monika Schumacher, como responsable del Sitio web, de conformidad con lo que dispone el Reglamento (UE) 2016\/679 de 27 de abril de 2016 (RGPD) relativo a la protecci\u00f3n de las personas f\u00edsicas en cuanto al tratamiento de datos personales y a la libre circulaci\u00f3n de estos datos y dem\u00e1s normativa vigente en materia de protecci\u00f3n de datos personales, y por la Ley 34\/2002, de 11 de julio, de Servicios de la Sociedad de la Informaci\u00f3n y del Comercio Electr\u00f3nico (LSSICE), le informa de que tiene implementadas las medidas de seguridad necesarias, de \u00edndole t\u00e9cnica y organizativas, para garantizar y proteger la confidencialidad, integridad y disponibilidad de los datos introducidos.<\/p><p>\u00a0<\/p><h3><strong>OBTENCI\u00d3N Y TIPOLOG\u00cdA DE DATOS:<\/strong><\/h3><p>Los datos que recogemos son aquellos datos que el usuario de la web accede a facilitarnos, y aquellos que son necesarios para poder ofrecerle el servicio requerido en su caso. La forma de obtener los mismos se realiza a trav\u00e9s de la cumplimentaci\u00f3n del formulario de contacto, o bien de servicios de newsletter que en su caso podemos ofrecer. La tipolog\u00eda de dichos datos por tanto ser\u00e1 su nombre, DNI, tel\u00e9fono, datos profesi\u00f3n, datos bancarios (para efectuar, en su caso, alg\u00fan pago), etc.<\/p><p>En este sentido, le informamos de que dicha tipolog\u00eda de datos no se encuentra dentro de la categor\u00eda de datos especialmente protegidos.<\/p><p>\u00a0<\/p><h3><strong>FINALIDAD DEL TRATAMIENTO:<\/strong><\/h3><p>Sus datos personales s\u00f3lo se utilizar\u00e1n para las finalidades indicadas a continuaci\u00f3n, prestando su consentimiento para cada una de las finalidades en el apartado correspondiente de la web:<\/p><p>En caso de cumplimentaci\u00f3n de formulario de contacto, la finalidad del tratamiento es atender a las posibles consultar o para poder proporcionarle la informaci\u00f3n requerida.<\/p><p>En caso de cumplimentaci\u00f3n del formulario de suscripci\u00f3n a la newsletter, la finalidad es poder remitirle todas las comunicaciones o publicidad pertinente, siempre y cuando el usuario haya aceptado expresamente dicho env\u00edo.<\/p><p>Le informamos que en cualquier momento puede revocar su consentimiento ofrecido. Para ello deber\u00e1 enviar un correo electr\u00f3nico a la direcci\u00f3n info@delitapas.com comunicando dicha revocaci\u00f3n.<\/p><p>En este sentido, le informamos que Monika Schumacher, no realiza pr\u00e1cticas de SPAM, esto es, nunca enviamos correos comerciales cuando no han sido solicitados expresamente con anterioridad por el propio usuario.<\/p><p>Le informamos que no trataremos sus datos personales para ninguna otra finalidad de las descritas salvo por obligaci\u00f3n legal o requerimiento judicial.<\/p><p>\u00a0<\/p><h3><strong>LEGITIMACI\u00d3N DEL TRATAMIENTO<\/strong><\/h3><p>La base legal para el tratamiento de los datos es su consentimiento expreso que el usuario proporciona en el momento de rellenar el formulario correspondiente para poder recibir la informaci\u00f3n solicitada. Si el usuario no proporciona los datos as\u00ed como el consentimiento, supondr\u00e1 la imposibilidad de conseguir las finalidades anteriormente descritas.<\/p><p>En los casos en que exista una relaci\u00f3n contractual entre las partes, la legitimaci\u00f3n para el desarrollo de las obligaciones derivadas de la misma ser\u00e1 la existencia de la relaci\u00f3n comercial establecida entre las partes.<\/p><p>La oferta prospectiva o comercial de productos y servicios est\u00e1 basada en el consentimiento que se le solicita, sin que en ning\u00fan caso la retirada de este consentimiento condicione la ejecuci\u00f3n del contrato de suscripci\u00f3n.<\/p><p>\u00a0<\/p><h3><strong>PLAZO DE CONSERVACI\u00d3N DE LOS DATOS:<\/strong><\/h3><p>Sus datos se conservar\u00e1n mientras dure la relaci\u00f3n comercial con nosotros o ejercite su derecho de cancelaci\u00f3n u oposici\u00f3n, o limitaci\u00f3n al tratamiento. Asimismo, conservaremos sus datos durante los plazos legalmente previstos en las disposiciones aplicables.<\/p><p>\u00a0<\/p><h3><strong>DESTINATARIOS DE CESIONES O TRANSFERENCIAS<\/strong><\/h3><p>Le informamos que no realizamos cesi\u00f3n, comunicaci\u00f3n o transferencia de los datos personales que nos proporcione a ning\u00fan estado ni a terceros. \u00danicamente ser\u00e1 comunicados dichos datos por mandato judicial o por normativa legal.<\/p><p>La informaci\u00f3n facilitada ser\u00e1 solamente la que disponga en este momento el prestador.<\/p><p>\u00a0<\/p><h3><strong>DERECHOS DE LAS PERSONAS INTERESADAS<\/strong><\/h3><p>Como interesado tiene usted los siguientes derechos, de conformidad con el Reglamento General de Protecci\u00f3n de Datos (RGPD):<\/p><ul><li>Art. 15 RGPD, el derecho, en la medida ah\u00ed indicada, de obtener informaci\u00f3n sobre los datos personales que le conciernan y que tratamos;<\/li><li>Art. 16 RGPD, el derecho a obtener sin dilaci\u00f3n indebida la rectificaci\u00f3n o que se completen los datos personales que le conciernan;<\/li><li>Art. 17 RGPD, el derecho a obtener la supresi\u00f3n de los datos personales que le conciernan, siempre y cuando el tratamiento no sea necesario:<\/li><\/ul><p>&#8211; para ejercer el derecho a la libertad de expresi\u00f3n e informaci\u00f3n,<\/p><p>&#8211; para el cumplimiento de una obligaci\u00f3n legal,<\/p><p>&#8211; por razones de inter\u00e9s p\u00fablico, o<\/p><p>&#8211; para la formulaci\u00f3n, el ejercicio o la defensa de reclamaciones;<\/p><ul><li>Art. 18 RGPD, el derecho a obtener la limitaci\u00f3n del tratamiento de sus datos cuando<\/li><\/ul><p>&#8211; el interesado impugne la exactitud de los datos,<\/p><p>&#8211; el tratamiento sea il\u00edcito y usted se oponga a la supresi\u00f3n de los datos,<\/p><p>&#8211; ya no necesitemos los datos pero usted los necesite para la formulaci\u00f3n, el ejercicio o la defensa de reclamaciones, o<\/p><p>&#8211; usted se haya opuesto al tratamiento en virtud del art\u00edculo 21 RGPD;<\/p><ul><li>Art. 20 RGPD, el derecho a recibir los datos personales que le incumban y que nos haya facilitado, en un formato estructurado, de uso com\u00fan y lectura mec\u00e1nica, o a pedir que se transmitan a otro responsable;<\/li><li>Art. 77 RGPD, el derecho a presentar una reclamaci\u00f3n ante una autoridad de control.<\/li><\/ul><p>Por regla general puede usted dirigirse para ello a la autoridad de control de su lugar de residencia o trabajo habituales o de la sede de nuestra empresa.<\/p><p>En Espa\u00f1a:<\/p><p>Agencia Espa\u00f1ola de Protecci\u00f3n de Datos (AEPD)<\/p><p>Calle Jorge Juan, n\u00ba6<\/p><p>28001-Madrid<\/p><p>Tel\u00e9fono 901 100 099<\/p><p>https:\/\/www.aepd.es\/<\/p><p>Como usuario, tiene derecho a retirar el consentimiento prestado en cualquier momento. La retirada del consentimiento no afectar\u00e1 a la licitud del tratamiento efectuado antes de la retirada del consentimiento.<\/p><p>\u00a0<\/p><h3><strong>MEDIDAS DE SEGURIDAD:<\/strong><\/h3><p>Los datos que nos facilite se tratar\u00e1n de forma absolutamente confidencial. Desde el portal web, se han adoptado todas las medidas t\u00e9cnicas y organizativas as\u00ed como todos los niveles de protecci\u00f3n necesarios para garantizar la seguridad en el tratamiento de los datos y evitar su alteraci\u00f3n, p\u00e9rdida, robo, tratamiento o acceso no autorizado, de acuerdo el estado de la tecnolog\u00eda y naturaleza de los datos almacenados. As\u00ed mismo, se garantiza tambi\u00e9n que el tratamiento y registro en ficheros, programas, sistemas o equipos, locales y centros cumplen con los requisitos y condiciones de integridad y seguridad establecidas en la normativa vigente.<\/p><p>\u00a0<\/p><h3>REDES SOCIALES<\/h3><p>Le informamos que Monika Schumacher, puede tener presencia en redes sociales. El tratamiento de los datos que se lleve a cabo de las personas que se hagan seguidoras en las redes sociales (y\/o realicen cualquier v\u00ednculo o acci\u00f3n de conexi\u00f3n a trav\u00e9s de las redes sociales) de las p\u00e1ginas oficiales de este portal web se regir\u00e1 por este apartado, as\u00ed como por aquellas condiciones de uso, pol\u00edticas de privacidad y normativas de acceso que pertenezcan a la red social que proceda en cada caso y aceptadas previamente por el usuario.<\/p><p>Le informamos que trataremos sus datos con las finalidades de administrar correctamente su presencia en la red social, inform\u00e1ndole de actividades, productos o servicios del prestador, as\u00ed como para cualquier otra finalidad que las normativas de las Redes Sociales permitan.<\/p><p>Est\u00e1 terminantemente prohibido la publicaci\u00f3n de contenidos que sean il\u00edcitos seg\u00fan normativa vigente, o aquellos que contravengan la buena pr\u00e1ctica comercial o la buena fe, as\u00ed como aquellos que atenten contra los derechos fundamentales de las personas f\u00edsicas, incluidos todos aquellos que el titular de este portal web considere inapropiados. En este sentido, le informamos que nos reservamos la potestad de retirar, sin previo aviso, aquellos contenidos que puedan ser inapropiados.<\/p><p>\u00a0<\/p><h4><strong>CAMBIOS EN LA PRESENTE POL\u00cdTICA DE PRIVACIDAD<\/strong><\/h4><p>El titular del presente portal web se reserva el derecho a modificar la presente pol\u00edtica para adaptarla a novedades legislativas o jurisprudenciales.<\/p><p>\u00a0<\/p><h3>REVOCABILIDAD<\/h3><p>El consentimiento que el usuario preste puede ser revocado en cualquier momento, en la forma descrita anteriormente. Dicha revocaci\u00f3n tendr\u00e1 efectos desde el momento de la correcta recepci\u00f3n de la misma por parte del titular del portal web.<\/p><p>\u00a0<\/p><h3>LEGISLACI\u00d3N<\/h3><p>Todas las relaciones y condiciones que afecten a la presente web estar\u00e1 sometida a la legislaci\u00f3n espa\u00f1ola.<\/p><p><!-- \/wp:paragraph --><\/p>\t\t\t\t\t\t<\/div>\n\t\t\t\t<\/div>\n\t\t\t\t\t<\/div>\n\t\t<\/div>\n\t\t\t\t\t\t\t<\/div>\n\t\t<\/section>\n\t\t\t\t\t\t\t<\/div>\n\t\t","protected":false},"excerpt":{"rendered":"<p>POL\u00cdTICA DE PRIVACIDAD INTRODUCCI\u00d3N Con la presente pol\u00edtica, procedemos a informarles de los datos que recopilamos de los usuarios, as\u00ed como la utilizaci\u00f3n y finalidad que realizamos con los mismos En este sentido le informamos de que nunca solicitaremos m\u00e1s informaci\u00f3n de la que realmente necesitaremos para los servicios requeridos; dicha informaci\u00f3n no ser\u00e1 compartida [&hellip;]<\/p>\n","protected":false},"author":1,"featured_media":0,"parent":0,"menu_order":0,"comment_status":"closed","ping_status":"open","template":"","meta":{"footnotes":""},"class_list":["post-640","page","type-page","status-publish","hentry"],"aioseo_notices":[],"_links":{"self":[{"href":"https:\/\/www.spanienshop.eu\/es\/wp-json\/wp\/v2\/pages\/640","targetHints":{"allow":["GET"]}}],"collection":[{"href":"https:\/\/www.spanienshop.eu\/es\/wp-json\/wp\/v2\/pages"}],"about":[{"href":"https:\/\/www.spanienshop.eu\/es\/wp-json\/wp\/v2\/types\/page"}],"author":[{"embeddable":true,"href":"https:\/\/www.spanienshop.eu\/es\/wp-json\/wp\/v2\/users\/1"}],"replies":[{"embeddable":true,"href":"https:\/\/www.spanienshop.eu\/es\/wp-json\/wp\/v2\/comments?post=640"}],"version-history":[{"count":14,"href":"https:\/\/www.spanienshop.eu\/es\/wp-json\/wp\/v2\/pages\/640\/revisions"}],"predecessor-version":[{"id":658,"href":"https:\/\/www.spanienshop.eu\/es\/wp-json\/wp\/v2\/pages\/640\/revisions\/658"}],"wp:attachment":[{"href":"https:\/\/www.spanienshop.eu\/es\/wp-json\/wp\/v2\/media?parent=640"}],"curies":[{"name":"wp","href":"https:\/\/api.w.org\/{rel}","templated":true}]}}